{"id":3890,"date":"2024-09-03T12:42:17","date_gmt":"2024-09-03T16:42:17","guid":{"rendered":"https:\/\/fmdag.org\/?page_id=3890"},"modified":"2024-09-04T17:36:21","modified_gmt":"2024-09-04T21:36:21","slug":"asamblea","status":"publish","type":"page","link":"https:\/\/fmdag.org\/es\/asamblea\/","title":{"rendered":"Asamblea Extraordinaria"},"content":{"rendered":"<p>[et_pb_section fb_built=&#8221;1&#8243; fullwidth=&#8221;on&#8221; admin_label=&#8221;Section&#8221; _builder_version=&#8221;4.24.3&#8243; _module_preset=&#8221;default&#8221; module_alignment=&#8221;center&#8221; custom_margin=&#8221;||||false|false&#8221; locked=&#8221;off&#8221; global_colors_info=&#8221;{}&#8221;][et_pb_fullwidth_image src=&#8221;https:\/\/fmdag.org\/wp-content\/uploads\/2024\/09\/Asamblea-Extraordinaria-Landing-Page.jpg&#8221; title_text=&#8221;Unknown-2&#8243; _builder_version=&#8221;4.24.3&#8243; _module_preset=&#8221;default&#8221; background_color=&#8221;#222222&#8243; module_alignment=&#8221;center&#8221; min_height_tablet=&#8221;&#8221; min_height_phone=&#8221;&#8221; min_height_last_edited=&#8221;on|phone&#8221; custom_margin_tablet=&#8221;&#8221; custom_margin_phone=&#8221;&#8221; custom_margin_last_edited=&#8221;on|phone&#8221; custom_padding=&#8221;||||false|false&#8221; custom_padding_tablet=&#8221;||||false|false&#8221; custom_padding_phone=&#8221;100px||||false|false&#8221; custom_padding_last_edited=&#8221;on|phone&#8221; global_colors_info=&#8221;{}&#8221;][\/et_pb_fullwidth_image][\/et_pb_section][et_pb_section fb_built=&#8221;1&#8243; custom_padding_last_edited=&#8221;on|phone&#8221; _builder_version=&#8221;4.24.3&#8243; _module_preset=&#8221;default&#8221; background_color=&#8221;#C0202E&#8221; custom_margin_tablet=&#8221;&#8221; custom_margin_phone=&#8221;||||false|false&#8221; custom_margin_last_edited=&#8221;on|phone&#8221; custom_padding=&#8221;||||false|false&#8221; custom_padding_tablet=&#8221;||||false|false&#8221; custom_padding_phone=&#8221;34px||34px||true|false&#8221; global_colors_info=&#8221;{}&#8221;][et_pb_row use_custom_gutter=&#8221;on&#8221; make_equal=&#8221;on&#8221; _builder_version=&#8221;4.24.3&#8243; _module_preset=&#8221;default&#8221; module_alignment=&#8221;center&#8221; custom_margin=&#8221;||||false|false&#8221; custom_margin_tablet=&#8221;||||false|false&#8221; custom_margin_phone=&#8221;30px||||false|false&#8221; custom_margin_last_edited=&#8221;on|phone&#8221; custom_padding=&#8221;||0px||false|false&#8221; locked=&#8221;off&#8221; global_colors_info=&#8221;{}&#8221;][et_pb_column type=&#8221;4_4&#8243; _builder_version=&#8221;4.22.2&#8243; _module_preset=&#8221;default&#8221; border_color_right=&#8221;#FFFFFF&#8221; global_colors_info=&#8221;{}&#8221;][et_pb_text _builder_version=&#8221;4.24.3&#8243; _module_preset=&#8221;default&#8221; text_text_color=&#8221;#acef35&#8243; header_font=&#8221;Montserrat|700||on|||||&#8221; header_text_color=&#8221;#ffffff&#8221; header_2_font=&#8221;Montserrat|300||on|||||&#8221; header_2_text_color=&#8221;#ffffff&#8221; header_2_font_size=&#8221;18px&#8221; header_2_line_height=&#8221;1.3em&#8221; custom_margin=&#8221;||0px||false|false&#8221; custom_margin_tablet=&#8221;||||false|false&#8221; custom_margin_phone=&#8221;-24px||||false|false&#8221; custom_margin_last_edited=&#8221;on|phone&#8221; custom_padding=&#8221;||||false|false&#8221; hover_enabled=&#8221;0&#8243; header_font_size_tablet=&#8221;&#8221; header_font_size_phone=&#8221;&#8221; header_font_size_last_edited=&#8221;on|phone&#8221; header_2_font_size_tablet=&#8221;18px&#8221; header_2_font_size_phone=&#8221;17px&#8221; header_2_font_size_last_edited=&#8221;on|phone&#8221; global_colors_info=&#8221;{}&#8221; sticky_enabled=&#8221;0&#8243;]<\/p>\n<h1 style=\"text-align: center;\"><strong>Election of Spiritual Formation Director<\/strong><\/h1>\n<h2 style=\"text-align: center;\"><strong>Elecci\u00f3n Director de Formaci\u00f3n Espiritual<\/strong><\/h2>\n<p><strong>\u00a0<\/strong><\/p>\n<p>[\/et_pb_text][et_pb_divider _builder_version=&#8221;4.24.3&#8243; _module_preset=&#8221;default&#8221; hover_enabled=&#8221;0&#8243; sticky_enabled=&#8221;0&#8243; color=&#8221;#D8D8D8&#8243; divider_weight=&#8221;2px&#8221;][\/et_pb_divider][et_pb_text content_tablet=&#8221;<\/p>\n<h1 style=%22text-align: center;%22>Saturday, October 5, 2024<\/h1>\n<h2 style=%22text-align: center;%22>9:30AM &#8211; 2:30PM | Orlando, Florida<\/h2>\n<p>&#8221; content_phone=&#8221;<\/p>\n<h1 style=%22text-align: center;%22>Saturday, October 5, 2024<\/h1>\n<h2 style=%22text-align: center;%22>9:30AM &#8211; 2:30PM<br \/>Orlando, Florida<\/h2>\n<p>&#8221; content_last_edited=&#8221;on|phone&#8221; _builder_version=&#8221;4.24.3&#8243; _module_preset=&#8221;default&#8221; text_text_color=&#8221;#acef35&#8243; header_font=&#8221;Montserrat|700||on|||||&#8221; header_text_color=&#8221;#ffffff&#8221; header_font_size=&#8221;40px&#8221; header_2_font=&#8221;Montserrat|300||on|||||&#8221; header_2_text_color=&#8221;#ffffff&#8221; header_2_font_size=&#8221;32px&#8221; custom_margin=&#8221;0px||||false|false&#8221; custom_padding=&#8221;||||false|false&#8221; header_font_size_tablet=&#8221;40px&#8221; header_font_size_phone=&#8221;32px&#8221; header_font_size_last_edited=&#8221;on|phone&#8221; header_2_font_size_tablet=&#8221;32px&#8221; header_2_font_size_phone=&#8221;20px&#8221; header_2_font_size_last_edited=&#8221;on|phone&#8221; global_colors_info=&#8221;{}&#8221;]<\/p>\n<h1 style=\"text-align: center;\">Saturday, October 5, 2024<\/h1>\n<h2 style=\"text-align: center;\">9:30AM &#8211; 2:30PM | Orlando, Florida<\/h2>\n<p>[\/et_pb_text][\/et_pb_column][\/et_pb_row][\/et_pb_section][et_pb_section fb_built=&#8221;1&#8243; _builder_version=&#8221;4.24.3&#8243; _module_preset=&#8221;default&#8221; background_color=&#8221;#FFFFFF&#8221; global_colors_info=&#8221;{}&#8221;][et_pb_row column_structure=&#8221;1_5,3_5,1_5&#8243; _builder_version=&#8221;4.24.3&#8243; _module_preset=&#8221;default&#8221; global_colors_info=&#8221;{}&#8221;][et_pb_column type=&#8221;1_5&#8243; _builder_version=&#8221;4.24.3&#8243; _module_preset=&#8221;default&#8221; global_colors_info=&#8221;{}&#8221;][\/et_pb_column][et_pb_column type=&#8221;3_5&#8243; _builder_version=&#8221;4.24.3&#8243; _module_preset=&#8221;default&#8221; global_colors_info=&#8221;{}&#8221;][et_pb_text content_tablet=&#8221;&#8221; content_phone=&#8221;&#8221; content_last_edited=&#8221;on|desktop&#8221; _builder_version=&#8221;4.24.3&#8243; _module_preset=&#8221;default&#8221; text_font=&#8221;Montserrat||||||||&#8221; text_text_color=&#8221;#222222&#8243; text_font_size=&#8221;17px&#8221; text_line_height=&#8221;1.8em&#8221; header_font=&#8221;Montserrat|800|||||||&#8221; header_text_color=&#8221;#141414&#8243; header_font_size=&#8221;35px&#8221; text_orientation=&#8221;center&#8221; custom_margin=&#8221;||31px|||&#8221; text_font_size_tablet=&#8221;17px&#8221; text_font_size_phone=&#8221;16px&#8221; text_font_size_last_edited=&#8221;on|phone&#8221; text_line_height_tablet=&#8221;1.8em&#8221; text_line_height_phone=&#8221;1.6em&#8221; text_line_height_last_edited=&#8221;on|phone&#8221; header_font_size_tablet=&#8221;60px&#8221; header_font_size_phone=&#8221;22px&#8221; header_font_size_last_edited=&#8221;on|phone&#8221; header_line_height_tablet=&#8221;&#8221; header_line_height_phone=&#8221;1.2em&#8221; header_line_height_last_edited=&#8221;on|phone&#8221; global_colors_info=&#8221;{}&#8221;]<\/p>\n<h1 style=\"text-align: center;\"><strong>It\u2019s Completely FREE to Register!<\/strong><\/h1>\n<p style=\"text-align: center;\"><strong>\u00a1Registrarse es completamente GRATIS!<\/strong><\/p>\n<p>[\/et_pb_text][et_pb_button button_url=&#8221;https:\/\/brushfire.com\/floridamulticulturaldistrict\/asamblea\/583776&#8243; url_new_window=&#8221;on&#8221; button_text=&#8221;REGISTER HERE&#8221; button_alignment=&#8221;center&#8221; _builder_version=&#8221;4.24.3&#8243; _module_preset=&#8221;default&#8221; custom_button=&#8221;on&#8221; button_text_size=&#8221;40px&#8221; button_text_color=&#8221;#FFFFFF&#8221; button_bg_color=&#8221;#C0202E&#8221; button_font=&#8221;Montserrat|700|||||||&#8221; button_icon=&#8221;&#x24;||divi||400&#8243; button_on_hover=&#8221;off&#8221; button_text_size_tablet=&#8221;40px&#8221; button_text_size_phone=&#8221;26px&#8221; button_text_size_last_edited=&#8221;on|phone&#8221; global_colors_info=&#8221;{}&#8221; button_bg_color__hover_enabled=&#8221;on|hover&#8221; button_bg_color__hover=&#8221;#222222&#8243; button_bg_enable_color__hover=&#8221;on&#8221;][\/et_pb_button][et_pb_text _builder_version=&#8221;4.24.3&#8243; _module_preset=&#8221;default&#8221; text_font=&#8221;Montserrat||||||||&#8221; text_text_color=&#8221;#222222&#8243; text_font_size=&#8221;17px&#8221; text_line_height=&#8221;1.8em&#8221; header_font=&#8221;Montserrat|800|||||||&#8221; header_text_color=&#8221;#141414&#8243; header_font_size=&#8221;35px&#8221; text_orientation=&#8221;center&#8221; custom_margin=&#8221;||||false|false&#8221; text_font_size_tablet=&#8221;17px&#8221; text_font_size_phone=&#8221;14px&#8221; text_font_size_last_edited=&#8221;on|phone&#8221; text_line_height_tablet=&#8221;1.8em&#8221; text_line_height_phone=&#8221;1.6em&#8221; text_line_height_last_edited=&#8221;on|phone&#8221; header_font_size_tablet=&#8221;60px&#8221; header_font_size_phone=&#8221;22px&#8221; header_font_size_last_edited=&#8221;on|phone&#8221; global_colors_info=&#8221;{}&#8221;]<\/p>\n<p><strong>Sent Official Delegate letter to district office by September 23th.<\/strong><\/p>\n<h6>Env\u00ede la carta de Delegado Oficial a la oficina del distrito antes del 23 de septiembre.<\/h6>\n<p>[\/et_pb_text][et_pb_button button_url=&#8221;https:\/\/form.jotform.com\/FMD_finance\/delegate-letter&#8221; url_new_window=&#8221;on&#8221; button_text=&#8221;SENT DELEGATE LETTER HERE&#8221; button_alignment=&#8221;center&#8221; _builder_version=&#8221;4.24.3&#8243; _module_preset=&#8221;default&#8221; custom_button=&#8221;on&#8221; button_text_size=&#8221;17px&#8221; button_text_color=&#8221;#C0202E&#8221; button_border_width=&#8221;0px&#8221; button_border_radius=&#8221;0px&#8221; button_font=&#8221;|700|||||||&#8221; button_icon=&#8221;&#x24;||divi||400&#8243; button_on_hover=&#8221;off&#8221; custom_margin=&#8221;-10px||||false|false&#8221; custom_margin_tablet=&#8221;-10px||||false|false&#8221; custom_margin_phone=&#8221;-20px||||false|false&#8221; custom_margin_last_edited=&#8221;on|phone&#8221; custom_padding_tablet=&#8221;&#8221; custom_padding_phone=&#8221;0px||||false|false&#8221; custom_padding_last_edited=&#8221;on|phone&#8221; button_text_size_tablet=&#8221;17px&#8221; button_text_size_phone=&#8221;16px&#8221; button_text_size_last_edited=&#8221;on|phone&#8221; global_colors_info=&#8221;{}&#8221;][\/et_pb_button][et_pb_toggle title=&#8221;Delegate Info Update Click Here!&#8221; open_toggle_text_color=&#8221;#141414&#8243; open_toggle_background_color=&#8221;#FFFFFF&#8221; closed_toggle_text_color=&#8221;#222222&#8243; closed_toggle_background_color=&#8221;#D8D8D8&#8243; icon_color=&#8221;#222222&#8243; toggle_icon=&#8221;&#x43;||divi||400&#8243; use_icon_font_size=&#8221;on&#8221; icon_font_size=&#8221;32px&#8221; open_icon_color=&#8221;#141414&#8243; open_toggle_icon=&#8221;&#x42;||divi||400&#8243; open_use_icon_font_size=&#8221;on&#8221; open_icon_font_size=&#8221;32px&#8221; _builder_version=&#8221;4.24.3&#8243; _module_preset=&#8221;default&#8221; title_text_color=&#8221;#ffffff&#8221; title_font=&#8221;Montserrat|700||on|||||&#8221; title_text_align=&#8221;center&#8221; title_font_size=&#8221;16px&#8221; body_font=&#8221;Arial||||||||&#8221; body_text_color=&#8221;#21292c&#8221; text_orientation=&#8221;left&#8221; title_font_size_tablet=&#8221;&#8221; title_font_size_phone=&#8221;28px&#8221; title_font_size_last_edited=&#8221;on|phone&#8221; closed_title_font_size_tablet=&#8221;20px&#8221; closed_title_font_size_phone=&#8221;28px&#8221; closed_title_font_size_last_edited=&#8221;on|phone&#8221; border_width_all=&#8221;0px&#8221; locked=&#8221;off&#8221; global_colors_info=&#8221;{}&#8221;]<\/p>\n<hr \/>\n<p><strong><\/strong><\/p>\n<p><strong>Delegate Requirements?<\/strong><\/p>\n<p>It\u2019s best to register online <a href=\"https:\/\/fmdag.org\/events\">https:\/\/fmdag.org\/events<\/a><a data-link-card=\"true\" href=\"http:\/\/www.fmdag.org\/convention\" target=\"_blank\" rel=\"noopener\"><\/a> by September 30th. <span style=\"color: #333333;\"><\/span><\/p>\n<ul>\n<li><span style=\"color: #333333;\">The Delegate letter is to be submitted to the District Office September 30th, Delegate letter will Not be accepted same day of the Event on October 5th.<\/span><\/li>\n<li><strong>Only one (1) delegate is permitted per church.<\/strong><\/li>\n<li><strong>The letter must be on church letterhead and be signed by the church pastor and the secretary.<\/strong><\/li>\n<li><span style=\"color: #333333;\">The election will take place on Saturday October 5th.<\/span><\/li>\n<\/ul>\n<p>For any questions or concerns please contact Abby in Credentials via email: <a data-link-card=\"true\" href=\"mailto:abby@fmdag.org\" target=\"_blank\" rel=\"noopener\">abby@fmdag.org<\/a> or 407-850-9861 ext. 1002<\/p>\n<p>The letter may be sent regular mail or emailed to the Credentials Office \u2013 <a data-link-card=\"true\" href=\"mailto:abby@fmdag.org\" target=\"_blank\" rel=\"noopener\">abby@fmdag.org<\/a><\/p>\n<hr \/>\n<p><strong>\u00bfRequisitos del Delegado?<\/strong><\/p>\n<p><span style=\"color: #333333;\">Es mejor registrarse en l\u00ednea en <a href=\"www.fmdag.org\/events\">www.fmdag.org\/events<\/a> antes del 30 de septiembre.<\/span><\/p>\n<ul>\n<li>La <span style=\"color: #333333;\">La carta del delegado debe ser enviada a la Oficina del Distrito antes del 30 de septiembre. La carta del delegado NO ser\u00e1 aceptada el mismo d\u00eda del evento, el 5 de octubre.<\/span><\/li>\n<li><strong>S\u00f3lo se permite un (1) delegado por iglesia.<\/strong><\/li>\n<li><strong>La carta debe estar en papel Letterhead de la iglesia y estar firmada por el pastor y el secretario(a) de la iglesia<\/strong><\/li>\n<li><span style=\"color: #333333;\">La elecci\u00f3n se llevar\u00e1 a cabo el s\u00e1bado 5 de octubre.<\/span><\/li>\n<\/ul>\n<p>Si tiene alguna pregunta o inquietud, comun\u00edquese con Abby en Credenciales por correo electr\u00f3nico: abby@fmdag.org o al 407-850-9861 ext. 1002<\/p>\n<p>La carta puede enviarse por correo postal o por correo electr\u00f3nico a la Oficina de Credenciales \u2013 abby@fmdag.org<\/p>\n<p>[\/et_pb_toggle][\/et_pb_column][et_pb_column type=&#8221;1_5&#8243; _builder_version=&#8221;4.24.3&#8243; _module_preset=&#8221;default&#8221; global_colors_info=&#8221;{}&#8221;][\/et_pb_column][\/et_pb_row][et_pb_row column_structure=&#8221;1_2,1_2&#8243; use_custom_gutter=&#8221;on&#8221; make_equal=&#8221;on&#8221; _builder_version=&#8221;4.24.3&#8243; _module_preset=&#8221;default&#8221; width=&#8221;75%&#8221; global_colors_info=&#8221;{}&#8221;][et_pb_column type=&#8221;1_2&#8243; _builder_version=&#8221;4.24.3&#8243; _module_preset=&#8221;default&#8221; global_colors_info=&#8221;{}&#8221;][et_pb_text _builder_version=&#8221;4.24.3&#8243; _module_preset=&#8221;default&#8221; text_font=&#8221;Abel||||||||&#8221; text_text_color=&#8221;#222222&#8243; header_6_line_height=&#8221;1.3em&#8221; global_colors_info=&#8221;{}&#8221;]<\/p>\n<h6><span>In order to attend this event, you must be an active credentialed minister, or a church endorsed delegate. Must register by September 30th. Online registration includes lunch. Lunch will not be included for onsite registration.<\/span><\/h6>\n<p>[\/et_pb_text][\/et_pb_column][et_pb_column type=&#8221;1_2&#8243; _builder_version=&#8221;4.24.3&#8243; _module_preset=&#8221;default&#8221; global_colors_info=&#8221;{}&#8221;][et_pb_text _builder_version=&#8221;4.24.3&#8243; _module_preset=&#8221;default&#8221; text_font=&#8221;Abel||||||||&#8221; text_text_color=&#8221;#222222&#8243; header_6_line_height=&#8221;1.3em&#8221; global_colors_info=&#8221;{}&#8221;]<\/p>\n<h6><span>Para asistir a este evento, debe ser un ministro con credenciales activo o un delegado respaldado por la iglesia. Debe inscribirse antes del 30 de septiembre. La inscripci\u00f3n online incluye el almuerzo.<\/span> El almuerzo no estar\u00e1 incluido en la inscripci\u00f3n en la puerta.<\/h6>\n<p>[\/et_pb_text][\/et_pb_column][\/et_pb_row][\/et_pb_section][et_pb_section fb_built=&#8221;1&#8243; custom_padding_last_edited=&#8221;on|phone&#8221; _builder_version=&#8221;4.24.3&#8243; _module_preset=&#8221;default&#8221; background_color=&#8221;#D8D8D8&#8243; background_enable_image=&#8221;off&#8221; custom_margin=&#8221;||||false|false&#8221; custom_margin_tablet=&#8221;||||false|false&#8221; custom_margin_phone=&#8221;||||false|false&#8221; custom_margin_last_edited=&#8221;on|phone&#8221; custom_padding=&#8221;0px||95px||false|false&#8221; custom_padding_tablet=&#8221;160px||160px||true|false&#8221; custom_padding_phone=&#8221;42px||0px||false|false&#8221; top_divider_color=&#8221;#341920&#8243; top_divider_flip=&#8221;vertical&#8221; bottom_divider_style=&#8221;asymmetric2&#8243; bottom_divider_color=&#8221;#222222&#8243; locked=&#8221;off&#8221; global_colors_info=&#8221;{}&#8221;][et_pb_row custom_padding_last_edited=&#8221;on|phone&#8221; _builder_version=&#8221;4.24.3&#8243; _module_preset=&#8221;default&#8221; custom_padding=&#8221;111px||24px|||&#8221; custom_padding_tablet=&#8221;154px||24px|||&#8221; custom_padding_phone=&#8221;40px||24px||false|false&#8221; module_alignment_tablet=&#8221;&#8221; module_alignment_phone=&#8221;center&#8221; module_alignment_last_edited=&#8221;on|phone&#8221; global_colors_info=&#8221;{}&#8221;][et_pb_column type=&#8221;4_4&#8243; _builder_version=&#8221;4.18.0&#8243; _module_preset=&#8221;default&#8221; global_colors_info=&#8221;{}&#8221;][et_pb_text _builder_version=&#8221;4.24.3&#8243; _module_preset=&#8221;default&#8221; text_text_color=&#8221;#222222&#8243; header_font=&#8221;|700|||||||&#8221; header_text_color=&#8221;#222222&#8243; header_2_font=&#8221;|700|||||||&#8221; header_2_text_color=&#8221;#222222&#8243; header_3_font=&#8221;Montserrat|700||on|||||&#8221; header_3_text_color=&#8221;#222222&#8243; header_3_font_size=&#8221;28px&#8221; header_3_letter_spacing=&#8221;22px&#8221; text_orientation=&#8221;center&#8221; module_alignment=&#8221;center&#8221; header_3_font_size_tablet=&#8221;28px&#8221; header_3_font_size_phone=&#8221;18px&#8221; header_3_font_size_last_edited=&#8221;on|phone&#8221; header_3_letter_spacing_tablet=&#8221;22px&#8221; header_3_letter_spacing_phone=&#8221;10px&#8221; header_3_letter_spacing_last_edited=&#8221;on|phone&#8221; global_colors_info=&#8221;{}&#8221;]<\/p>\n<h3 style=\"text-align: center;\">location<\/h3>\n<p>[\/et_pb_text][et_pb_text _builder_version=&#8221;4.24.3&#8243; _module_preset=&#8221;default&#8221; text_text_color=&#8221;#acef35&#8243; header_text_color=&#8221;#222222&#8243; header_2_font=&#8221;Montserrat|700||on|||||&#8221; header_2_text_color=&#8221;#222222&#8243; header_2_font_size=&#8221;50px&#8221; custom_margin=&#8221;-22px||5px||false|false&#8221; header_2_font_size_tablet=&#8221;50px&#8221; header_2_font_size_phone=&#8221;32px&#8221; header_2_font_size_last_edited=&#8221;on|phone&#8221; global_colors_info=&#8221;{}&#8221;]<\/p>\n<h2 style=\"text-align: center;\">Viva Church<\/h2>\n<p>[\/et_pb_text][et_pb_text content_tablet=&#8221;<\/p>\n<h3 style=%22text-align: center;%22>653 E. Wetherbee Rd. Orlando, FL 32824<\/h3>\n<p>&#8221; content_phone=&#8221;<\/p>\n<h3 style=%22text-align: center;%22>653 E. Wetherbee Rd.<br \/>Orlando, FL 32824<\/h3>\n<p>&#8221; content_last_edited=&#8221;on|desktop&#8221; _builder_version=&#8221;4.24.3&#8243; _module_preset=&#8221;default&#8221; text_text_color=&#8221;#ffffff&#8221; header_font=&#8221;|700|||||||&#8221; header_2_font=&#8221;|700|||||||&#8221; header_3_font=&#8221;Montserrat|600||on|||||&#8221; header_3_text_color=&#8221;#222222&#8243; header_3_font_size=&#8221;28px&#8221; header_3_font_size_tablet=&#8221;28px&#8221; header_3_font_size_phone=&#8221;22px&#8221; header_3_font_size_last_edited=&#8221;on|phone&#8221; global_colors_info=&#8221;{}&#8221;]<\/p>\n<h3 style=\"text-align: center;\">653 E. Wetherbee Rd. Orlando, FL 32824<\/h3>\n<p>[\/et_pb_text][\/et_pb_column][\/et_pb_row][et_pb_row column_structure=&#8221;1_3,1_3,1_3&#8243; use_custom_gutter=&#8221;on&#8221; gutter_width=&#8221;4&#8243; make_equal=&#8221;on&#8221; _builder_version=&#8221;4.24.3&#8243; _module_preset=&#8221;default&#8221; module_alignment=&#8221;center&#8221; custom_margin_tablet=&#8221;&#8221; custom_margin_phone=&#8221;||||false|false&#8221; custom_margin_last_edited=&#8221;on|phone&#8221; custom_padding=&#8221;||100px||false|false&#8221; global_colors_info=&#8221;{}&#8221;][et_pb_column type=&#8221;1_3&#8243; _builder_version=&#8221;4.22.2&#8243; _module_preset=&#8221;default&#8221; global_colors_info=&#8221;{}&#8221;][\/et_pb_column][et_pb_column type=&#8221;1_3&#8243; _builder_version=&#8221;4.22.2&#8243; _module_preset=&#8221;default&#8221; global_colors_info=&#8221;{}&#8221;][et_pb_button button_url=&#8221;https:\/\/maps.app.goo.gl\/sfYhr4s8SvQm8ix89&#8243; url_new_window=&#8221;on&#8221; button_text=&#8221;How to get there&#8221; button_alignment=&#8221;center&#8221; _builder_version=&#8221;4.24.3&#8243; _module_preset=&#8221;default&#8221; custom_button=&#8221;on&#8221; button_text_size=&#8221;10px&#8221; button_text_color=&#8221;#d8d8d8&#8243; button_bg_color=&#8221;#141414&#8243; button_border_width=&#8221;0px&#8221; button_border_color=&#8221;RGBA(255,255,255,0)&#8221; button_border_radius=&#8221;0px&#8221; button_letter_spacing=&#8221;1px&#8221; button_font=&#8221;Montserrat|700||on|||||&#8221; button_icon=&#8221;&#x35;||divi||400&#8243; button_icon_color=&#8221;#d8d8d8&#8243; button_on_hover=&#8221;off&#8221; transform_scale=&#8221;140%|140%&#8221; custom_margin=&#8221;||||false|false&#8221; custom_padding=&#8221;15px||15px||true|false&#8221; custom_css_main_element=&#8221;width: 90%;&#8221; global_colors_info=&#8221;{}&#8221; custom_css_main_element_last_edited=&#8221;on|phone&#8221; custom_css_main_element_phone=&#8221;width: 70%;&#8221; custom_css_main_element_tablet=&#8221;width: 90%;&#8221;][\/et_pb_button][\/et_pb_column][et_pb_column type=&#8221;1_3&#8243; _builder_version=&#8221;4.22.2&#8243; _module_preset=&#8221;default&#8221; global_colors_info=&#8221;{}&#8221;][\/et_pb_column][\/et_pb_row][\/et_pb_section][et_pb_section fb_built=&#8221;1&#8243; _builder_version=&#8221;4.24.2&#8243; _module_preset=&#8221;default&#8221; background_color=&#8221;#222222&#8243; global_module=&#8221;2256&#8243; locked=&#8221;off&#8221; global_colors_info=&#8221;{}&#8221;][et_pb_row column_structure=&#8221;1_2,1_4,1_4&#8243; _builder_version=&#8221;4.22.2&#8243; _module_preset=&#8221;default&#8221; global_colors_info=&#8221;{}&#8221;][et_pb_column type=&#8221;1_2&#8243; _builder_version=&#8221;4.22.2&#8243; _module_preset=&#8221;default&#8221; global_colors_info=&#8221;{}&#8221;][et_pb_image src=&#8221;https:\/\/fmdag.org\/wp-content\/uploads\/2024\/07\/FMD-AG-Logo-White.png&#8221; _builder_version=&#8221;4.24.3&#8243; _module_preset=&#8221;default&#8221; width=&#8221;45%&#8221; global_colors_info=&#8221;{}&#8221;][\/et_pb_image][\/et_pb_column][et_pb_column type=&#8221;1_4&#8243; _builder_version=&#8221;4.22.2&#8243; _module_preset=&#8221;default&#8221; global_colors_info=&#8221;{}&#8221;][et_pb_text _builder_version=&#8221;4.22.2&#8243; _module_preset=&#8221;default&#8221; text_text_color=&#8221;#FFFFFF&#8221; global_colors_info=&#8221;{}&#8221;]<\/p>\n<p><strong>Office Address<\/strong><br \/>830 California Woods Circle<br \/>Orlando, Florida 32824<br \/><strong>Office Hours<\/strong><br \/>Tuesday &#8211; Friday: 7am &#8211; 5pm<\/p>\n<p>[\/et_pb_text][\/et_pb_column][et_pb_column type=&#8221;1_4&#8243; _builder_version=&#8221;4.22.2&#8243; _module_preset=&#8221;default&#8221; global_colors_info=&#8221;{}&#8221;][et_pb_text _builder_version=&#8221;4.22.2&#8243; _module_preset=&#8221;default&#8221; text_text_color=&#8221;#FFFFFF&#8221; global_colors_info=&#8221;{}&#8221;]<\/p>\n<p><strong>Contact Info<\/strong><br \/>Phone: (407) 850-9861<br \/>Email: pr@fmdag.org<\/p>\n<p>[\/et_pb_text][et_pb_social_media_follow use_icon_font_size=&#8221;on&#8221; icon_font_size=&#8221;24px&#8221; _builder_version=&#8221;4.18.0&#8243; _module_preset=&#8221;default&#8221; custom_margin=&#8221;-16px|||||&#8221; global_colors_info=&#8221;{}&#8221;][et_pb_social_media_follow_network social_network=&#8221;facebook&#8221; url=&#8221;https:\/\/www.facebook.com\/myfmdag&#8221; _builder_version=&#8221;4.18.0&#8243; _module_preset=&#8221;default&#8221; background_color=&#8221;#596269&#8243; background_enable_color=&#8221;on&#8221; global_colors_info=&#8221;{}&#8221; follow_button=&#8221;off&#8221; url_new_window=&#8221;on&#8221;]facebook[\/et_pb_social_media_follow_network][et_pb_social_media_follow_network social_network=&#8221;instagram&#8221; url=&#8221;https:\/\/www.instagram.com\/myfmdag\/&#8221; _builder_version=&#8221;4.18.0&#8243; _module_preset=&#8221;default&#8221; background_color=&#8221;#596269&#8243; background_enable_color=&#8221;on&#8221; global_colors_info=&#8221;{}&#8221; follow_button=&#8221;off&#8221; url_new_window=&#8221;on&#8221;]instagram[\/et_pb_social_media_follow_network][et_pb_social_media_follow_network social_network=&#8221;youtube&#8221; url=&#8221;https:\/\/www.youtube.com\/channel\/UCOFEudn7zT14E_v7dAd4BcA&#8221; icon_color=&#8221;#FFFFFF&#8221; _builder_version=&#8221;4.18.0&#8243; _module_preset=&#8221;default&#8221; background_color=&#8221;#596269&#8243; background_enable_color=&#8221;on&#8221; custom_button=&#8221;on&#8221; global_colors_info=&#8221;{}&#8221; follow_button=&#8221;off&#8221; url_new_window=&#8221;on&#8221;]youtube[\/et_pb_social_media_follow_network][\/et_pb_social_media_follow][\/et_pb_column][\/et_pb_row][\/et_pb_section]<\/p>\n","protected":false},"excerpt":{"rendered":"<p>Election of Spiritual Formation Director Elecci\u00f3n Director de Formaci\u00f3n Espiritual \u00a0Saturday, October 5, 2024 9:30AM &#8211; 2:30PM | Orlando, FloridaIt\u2019s Completely FREE to Register! \u00a1Registrarse es completamente GRATIS!Sent Official Delegate letter to district office by September 23th. Env\u00ede la carta de Delegado Oficial a la oficina del distrito antes del 23 de septiembre. Delegate Requirements? [&hellip;]<\/p>\n","protected":false},"author":1,"featured_media":0,"parent":0,"menu_order":0,"comment_status":"closed","ping_status":"closed","template":"","meta":{"_et_pb_use_builder":"on","_et_pb_old_content":"","_et_gb_content_width":"","footnotes":""},"difl_page_category":[],"class_list":["post-3890","page","type-page","status-publish","hentry"],"_links":{"self":[{"href":"https:\/\/fmdag.org\/es\/wp-json\/wp\/v2\/pages\/3890","targetHints":{"allow":["GET"]}}],"collection":[{"href":"https:\/\/fmdag.org\/es\/wp-json\/wp\/v2\/pages"}],"about":[{"href":"https:\/\/fmdag.org\/es\/wp-json\/wp\/v2\/types\/page"}],"author":[{"embeddable":true,"href":"https:\/\/fmdag.org\/es\/wp-json\/wp\/v2\/users\/1"}],"replies":[{"embeddable":true,"href":"https:\/\/fmdag.org\/es\/wp-json\/wp\/v2\/comments?post=3890"}],"version-history":[{"count":0,"href":"https:\/\/fmdag.org\/es\/wp-json\/wp\/v2\/pages\/3890\/revisions"}],"wp:attachment":[{"href":"https:\/\/fmdag.org\/es\/wp-json\/wp\/v2\/media?parent=3890"}],"wp:term":[{"taxonomy":"difl_page_category","embeddable":true,"href":"https:\/\/fmdag.org\/es\/wp-json\/wp\/v2\/difl_page_category?post=3890"}],"curies":[{"name":"wp","href":"https:\/\/api.w.org\/{rel}","templated":true}]}}