{"id":260775,"date":"2024-12-17T23:40:55","date_gmt":"2024-12-18T04:40:55","guid":{"rendered":"https:\/\/fmdag.org\/?page_id=260775"},"modified":"2024-12-19T14:22:05","modified_gmt":"2024-12-19T19:22:05","slug":"acmr","status":"publish","type":"page","link":"https:\/\/fmdag.org\/es\/acmr\/","title":{"rendered":"ACMR"},"content":{"rendered":"<p>[et_pb_section fb_built=&#8221;1&#8243; custom_padding_last_edited=&#8221;off|tablet&#8221; admin_label=&#8221;Header&#8221; module_class=&#8221;pa-inline-buttons&#8221; _builder_version=&#8221;4.27.4&#8243; _module_preset=&#8221;default&#8221; background_enable_color=&#8221;off&#8221; background_image=&#8221;https:\/\/fmdag.org\/wp-content\/uploads\/2022\/08\/pattern3.jpg&#8221; background_enable_video_mp4=&#8221;off&#8221; background_video_width=&#8221;100%&#8221; custom_padding=&#8221;4vw||65px||false|false&#8221; custom_padding_tablet=&#8221;||||false|false&#8221; bottom_divider_flip=&#8221;horizontal&#8221; custom_css_before=&#8221;content:%22%22;||    display: block;||    position: absolute;||    top: 0;||    left: 0;||    width: 100%;||    height: 100%;||    background-color: rgba(0,0,0,0.5);||    z-index: 1;&#8221; global_colors_info=&#8221;{}&#8221;][et_pb_row _builder_version=&#8221;4.19.4&#8243; _module_preset=&#8221;default&#8221; global_colors_info=&#8221;{}&#8221;][et_pb_column type=&#8221;4_4&#8243; _builder_version=&#8221;4.19.4&#8243; _module_preset=&#8221;default&#8221; global_colors_info=&#8221;{}&#8221;][et_pb_text _builder_version=&#8221;4.27.4&#8243; _module_preset=&#8221;default&#8221; text_font_size=&#8221;18px&#8221; text_line_height=&#8221;1.8em&#8221; header_font=&#8221;Montserrat|900|||||||&#8221; header_text_color=&#8221;#FFFFFF&#8221; header_font_size=&#8221;80px&#8221; header_letter_spacing=&#8221;-1px&#8221; custom_margin=&#8221;||0px||false|false&#8221; header_font_tablet=&#8221;Montserrat|700|||||||&#8221; header_font_phone=&#8221;Montserrat|700|||||||&#8221; header_font_last_edited=&#8221;on|phone&#8221; global_colors_info=&#8221;{}&#8221;]<\/p>\n<h1 style=\"text-align: center;\">ACMR<\/h1>\n<p>[\/et_pb_text][et_pb_text _builder_version=&#8221;4.27.4&#8243; _module_preset=&#8221;default&#8221; text_font_size=&#8221;18px&#8221; header_font=&#8221;Montserrat|700|||||||&#8221; header_font_size=&#8221;45px&#8221; header_2_line_height=&#8221;1.2em&#8221; background_layout=&#8221;dark&#8221; custom_margin=&#8221;0px||||false|false&#8221; custom_padding=&#8221;||||false|false&#8221; global_colors_info=&#8221;{}&#8221;]<\/p>\n<h2 style=\"text-align: center;\">Annual Church Ministries Report<\/h2>\n<p>[\/et_pb_text][\/et_pb_column][\/et_pb_row][\/et_pb_section][et_pb_section fb_built=&#8221;1&#8243; custom_padding_last_edited=&#8221;on|phone&#8221; admin_label=&#8221;Section&#8221; _builder_version=&#8221;4.27.4&#8243; _module_preset=&#8221;default&#8221; background_color=&#8221;#edeff1&#8243; custom_padding=&#8221;||160px||false|false&#8221; custom_padding_tablet=&#8221;||100px|||&#8221; custom_padding_phone=&#8221;||0px||false|false&#8221; bottom_divider_style=&#8221;asymmetric2&#8243; bottom_divider_color=&#8221;#222222&#8243; global_colors_info=&#8221;{}&#8221;][et_pb_row use_custom_gutter=&#8221;on&#8221; gutter_width=&#8221;1&#8243; make_equal=&#8221;on&#8221; _builder_version=&#8221;4.27.4&#8243; _module_preset=&#8221;default&#8221; width=&#8221;60%&#8221; module_alignment=&#8221;center&#8221; custom_padding=&#8221;||||false|false&#8221; global_colors_info=&#8221;{}&#8221;][et_pb_column type=&#8221;4_4&#8243; _builder_version=&#8221;4.18.0&#8243; _module_preset=&#8221;default&#8221; global_colors_info=&#8221;{}&#8221;][et_pb_video src=&#8221;https:\/\/www.youtube.com\/watch?v=1dcL8Cm-B50&#8243; _builder_version=&#8221;4.27.4&#8243; _module_preset=&#8221;default&#8221; global_colors_info=&#8221;{}&#8221;][\/et_pb_video][\/et_pb_column][\/et_pb_row][et_pb_row use_custom_gutter=&#8221;on&#8221; gutter_width=&#8221;1&#8243; make_equal=&#8221;on&#8221; _builder_version=&#8221;4.27.4&#8243; _module_preset=&#8221;default&#8221; width=&#8221;100%&#8221; global_colors_info=&#8221;{}&#8221;][et_pb_column type=&#8221;4_4&#8243; _builder_version=&#8221;4.27.4&#8243; _module_preset=&#8221;default&#8221; global_colors_info=&#8221;{}&#8221;][difl_contentswitcher primary_label_title=&#8221;Espa\u00f1ol&#8221; secondary_label_title=&#8221;English&#8221; secondary_content=&#8221;<\/p>\n<p><span>%91divi_library_shortcode id=%22260788%22%93<\/span><\/p>\n<p>&#8221; active_switcher_control_bg_bgcolor=&#8221;#D8D8D8&#8243; normal_switcher_control_bg_bgcolor=&#8221;#D8D8D8&#8243; _builder_version=&#8221;4.27.4&#8243; _module_preset=&#8221;default&#8221; primary_label_font_font=&#8221;|800|||||||&#8221; primary_label_font_text_color=&#8221;#222222&#8243; secondary_label_font_font=&#8221;|800|||||||&#8221; active_label_font_text_color=&#8221;#C0202E&#8221; width=&#8221;80%&#8221; module_alignment=&#8221;center&#8221; global_colors_info=&#8221;{}&#8221;]<\/p>\n<p><span>[et_pb_section global_module=\"260780\"][\/et_pb_section]<\/span><\/p>\n<p>[\/difl_contentswitcher][\/et_pb_column][\/et_pb_row][\/et_pb_section][et_pb_section fb_built=&#8221;1&#8243; _builder_version=&#8221;4.27.2&#8243; _module_preset=&#8221;default&#8221; background_color=&#8221;#222222&#8243; positioning=&#8221;none&#8221; global_module=&#8221;2256&#8243; global_colors_info=&#8221;{}&#8221;][et_pb_row column_structure=&#8221;1_2,1_4,1_4&#8243; use_custom_gutter=&#8221;on&#8221; _builder_version=&#8221;4.27.2&#8243; _module_preset=&#8221;default&#8221; width=&#8221;85%&#8221; max_width=&#8221;85%&#8221; global_colors_info=&#8221;{}&#8221;][et_pb_column type=&#8221;1_2&#8243; _builder_version=&#8221;4.22.2&#8243; _module_preset=&#8221;default&#8221; global_colors_info=&#8221;{}&#8221;][et_pb_image src=&#8221;https:\/\/fmdag.org\/wp-content\/uploads\/2024\/07\/FMD-AG-Logo-White.png&#8221; _builder_version=&#8221;4.24.3&#8243; _module_preset=&#8221;default&#8221; width=&#8221;45%&#8221; global_colors_info=&#8221;{}&#8221;][\/et_pb_image][\/et_pb_column][et_pb_column type=&#8221;1_4&#8243; _builder_version=&#8221;4.22.2&#8243; _module_preset=&#8221;default&#8221; global_colors_info=&#8221;{}&#8221;][et_pb_text _builder_version=&#8221;4.27.2&#8243; _module_preset=&#8221;default&#8221; text_text_color=&#8221;#FFFFFF&#8221; global_colors_info=&#8221;{}&#8221;]<\/p>\n<p><strong>Office Address<\/strong><br \/>830 California Woods Circle<br \/>Orlando, Florida 32824<br \/><strong>Office Hours<\/strong><br \/>Tuesday &#8211; Friday: <span>8:00am-4:30pm<\/span><\/p>\n<p>[\/et_pb_text][\/et_pb_column][et_pb_column type=&#8221;1_4&#8243; _builder_version=&#8221;4.22.2&#8243; _module_preset=&#8221;default&#8221; global_colors_info=&#8221;{}&#8221;][et_pb_text _builder_version=&#8221;4.22.2&#8243; _module_preset=&#8221;default&#8221; text_text_color=&#8221;#FFFFFF&#8221; global_colors_info=&#8221;{}&#8221;]<\/p>\n<p><strong>Contact Info<\/strong><br \/>Phone: (407) 850-9861<br \/>Email: pr@fmdag.org<\/p>\n<p>[\/et_pb_text][et_pb_social_media_follow use_icon_font_size=&#8221;on&#8221; icon_font_size=&#8221;24px&#8221; _builder_version=&#8221;4.18.0&#8243; _module_preset=&#8221;default&#8221; custom_margin=&#8221;-16px|||||&#8221; global_colors_info=&#8221;{}&#8221;][et_pb_social_media_follow_network social_network=&#8221;facebook&#8221; url=&#8221;https:\/\/www.facebook.com\/myfmdag&#8221; _builder_version=&#8221;4.18.0&#8243; _module_preset=&#8221;default&#8221; background_color=&#8221;#596269&#8243; background_enable_color=&#8221;on&#8221; global_colors_info=&#8221;{}&#8221; follow_button=&#8221;off&#8221; url_new_window=&#8221;on&#8221;]facebook[\/et_pb_social_media_follow_network][et_pb_social_media_follow_network social_network=&#8221;instagram&#8221; url=&#8221;https:\/\/www.instagram.com\/myfmdag\/&#8221; _builder_version=&#8221;4.18.0&#8243; _module_preset=&#8221;default&#8221; background_color=&#8221;#596269&#8243; background_enable_color=&#8221;on&#8221; global_colors_info=&#8221;{}&#8221; follow_button=&#8221;off&#8221; url_new_window=&#8221;on&#8221;]instagram[\/et_pb_social_media_follow_network][et_pb_social_media_follow_network social_network=&#8221;youtube&#8221; url=&#8221;https:\/\/www.youtube.com\/channel\/UCOFEudn7zT14E_v7dAd4BcA&#8221; icon_color=&#8221;#FFFFFF&#8221; _builder_version=&#8221;4.18.0&#8243; _module_preset=&#8221;default&#8221; background_color=&#8221;#596269&#8243; background_enable_color=&#8221;on&#8221; custom_button=&#8221;on&#8221; global_colors_info=&#8221;{}&#8221; follow_button=&#8221;off&#8221; url_new_window=&#8221;on&#8221;]youtube[\/et_pb_social_media_follow_network][\/et_pb_social_media_follow][\/et_pb_column][\/et_pb_row][\/et_pb_section][et_pb_section fb_built=&#8221;1&#8243; _builder_version=&#8221;4.27.2&#8243; _module_preset=&#8221;default&#8221; background_color=&#8221;rgba(34,34,34,0.92)&#8221; positioning=&#8221;none&#8221; custom_margin=&#8221;||||false|false&#8221; custom_padding=&#8221;0px||0px||true|false&#8221; global_module=&#8221;2260&#8243; saved_tabs=&#8221;all&#8221; global_colors_info=&#8221;{}&#8221;][et_pb_row column_structure=&#8221;1_5,3_5,1_5&#8243; use_custom_gutter=&#8221;on&#8221; gutter_width=&#8221;1&#8243; make_equal=&#8221;on&#8221; _builder_version=&#8221;4.23&#8243; _module_preset=&#8221;default&#8221; width=&#8221;90%&#8221; global_colors_info=&#8221;{}&#8221;][et_pb_column type=&#8221;1_5&#8243; _builder_version=&#8221;4.22.2&#8243; _module_preset=&#8221;default&#8221; global_colors_info=&#8221;{}&#8221;][\/et_pb_column][et_pb_column type=&#8221;3_5&#8243; _builder_version=&#8221;4.23&#8243; _module_preset=&#8221;default&#8221; custom_css_main_element=&#8221;margin: auto;&#8221; global_colors_info=&#8221;{}&#8221;][et_pb_text _builder_version=&#8221;4.23&#8243; _module_preset=&#8221;default&#8221; text_font=&#8221;|600|||||||&#8221; text_text_color=&#8221;#FFFFFF&#8221; text_orientation=&#8221;right&#8221; global_colors_info=&#8221;{}&#8221;]<\/p>\n<p><span style=\"color: #ffffff;\"><a href=\"https:\/\/fmdag.org\/mobile-app\/\" style=\"color: #ffffff;\">Mobile App Download | <\/a><a href=\"https:\/\/fmdag.org\/staff-links\/\" style=\"color: #ffffff;\">FMD Staff Links | <\/a><a href=\"https:\/\/fmdag.org\/disclaimer\/\" style=\"color: #ffffff;\">Photo &amp; Video Disclaimer |<\/a><\/span><\/p>\n<p>[\/et_pb_text][\/et_pb_column][et_pb_column type=&#8221;1_5&#8243; _builder_version=&#8221;4.23&#8243; _module_preset=&#8221;default&#8221; custom_css_main_element=&#8221;margin: auto;&#8221; global_colors_info=&#8221;{}&#8221;][et_pb_button button_url=&#8221;https:\/\/portal.fmdag.org\/site\/login&#8221; url_new_window=&#8221;on&#8221; button_text=&#8221;My Portal&#8221; button_alignment=&#8221;center&#8221; _builder_version=&#8221;4.23&#8243; _module_preset=&#8221;default&#8221; custom_button=&#8221;on&#8221; button_text_size=&#8221;14px&#8221; button_font=&#8221;|700|||||||&#8221; button_icon=&#8221;&#x35;||divi||400&#8243; button_on_hover=&#8221;off&#8221; background_layout=&#8221;dark&#8221; global_colors_info=&#8221;{}&#8221;][\/et_pb_button][\/et_pb_column][\/et_pb_row][\/et_pb_section]<\/p>\n","protected":false},"excerpt":{"rendered":"<p>ACMRAnnual Church Ministries Report<div class=\"et_pb_module difl_contentswitcher difl_contentswitcher_0\">\n\t\t\t\t\n\t\t\t\t\n\t\t\t\t\n\t\t\t\t\n\t\t\t\t\n\t\t\t\t\n\t\t\t\t<div class=\"et_pb_module_inner\">\n\t\t\t\t\t<div class=\"df-content-switcher-wrapper df-cs-design-round\" data-settings='{\"content_switcher_type\":\"content_base\",\"primary_content_selector\":\"\",\"secondary_content_selector\":\"\",\"module_class\":\"difl_contentswitcher_0\",\"enable_animation\":\"on\",\"content_animation\":\"fade_in\",\"content_animation_duration\":\"200\"}'>\n                            <div class=\"df-cs-switch-container\">\n                                <div class=\"df-cs-switch-wrapper\">\n                                    \n                        <div class=\"df-cs-switch primary df-cs-icon-left active\">\n                                         \n                            \n                            <span class=\"title\">Espa\u00f1ol<\/span>\n                        <\/div>\n\n                        <label class=\"df-cs-switch df-input-label\">\n                            <input class=\"df-cs-toggle-switch\" type=\"checkbox\">\n                            <span class=\"df-cs-slider df-cs-round\"><\/span>\n                        <\/label>\n\n                        <div class=\"df-cs-switch secondary df-cs-icon-left\">\n                             \n                            \n                            <span class=\"title\">English<\/span>\n                        <\/div>\n                    \n                                <\/div>\n                            <\/div>\n                                \n                            <div class=\"df-cs-content-container\">\n                                <div class=\"df-cs-content-wrapper\">\n                                    \n                        <div class=\"df-cs-content-section primary active\">\n                            <div class=\"primary-content\"><div class=\"et_pb_row et_pb_row_0\">\n\t\t\t\t<div class=\"et_pb_column et_pb_column_4_4 et_pb_column_0  et_pb_css_mix_blend_mode_passthrough et-last-child\">\n\t\t\t\t\n\t\t\t\t\n\t\t\t\t\n\t\t\t\t\n\t\t\t\t<div class=\"et_pb_module et_pb_text et_pb_text_0  et_pb_text_align_left et_pb_bg_layout_light\">\n\t\t\t\t\n\t\t\t\t\n\t\t\t\t\n\t\t\t\t\n\t\t\t\t<div class=\"et_pb_text_inner\"><h1 style=\"text-align: center;\">Todo lo que necesitas saber para comenzar su Reporte Anual de Ministerios de Iglesias<\/h1><\/div>\n\t\t\t<\/div><div class=\"et_pb_module et_pb_divider et_pb_divider_0 et_pb_divider_position_ et_pb_space\"><div class=\"et_pb_divider_internal\"><\/div><\/div><div class=\"et_pb_module et_pb_text et_pb_text_1  et_pb_text_align_left et_pb_bg_layout_light\">\n\t\t\t\t\n\t\t\t\t\n\t\t\t\t\n\t\t\t\t\n\t\t\t\t<div class=\"et_pb_text_inner\"><p>Primero, abordemos una pregunta com\u00fan: <em><strong>\u00bfHay alg\u00fan costo para completar el ACMR?<\/strong> <\/em>La respuesta es no, \u00a1es completamente gratis!<\/p>\n<p>Puedes comenzar a enviar tu\u00a0ACMR\u00a0a partir del <strong>1 de enero de 2025<\/strong>, y el \u00faltimo d\u00eda para enviarlo es el <strong>31 de enero de 2025<\/strong>. No esperes: este proceso solo toma de 5 a 10 minutos.<\/p>\n<p>Este a\u00f1o, el Concilio General ha actualizado el sistema de inicio de sesi\u00f3n. En lugar de usar AGPassport, deber\u00e1s usar tu cuenta personal de AG Accounts en\u00a0<strong><a href=\"https:\/\/acmr.ag.org\/\" target=\"_blank\" rel=\"noopener\">acmr.ag.org<\/a><\/strong>. Si no tienes una cuenta, crearla es r\u00e1pido y f\u00e1cil.<\/p>\n<p><strong>As\u00ed es c\u00f3mo puedes completar tu\u00a0ACMR:<\/strong><\/p>\n<ol>\n<li style=\"list-style-type: none;\">\n<ol>\n<li>Visita <strong><a href=\"https:\/\/acmr.ag.org\/\" target=\"_blank\" rel=\"noopener\">acmr.ag.org<\/a>.<\/strong><\/li>\n<li>Inicia sesi\u00f3n con tu cuenta de AG Accounts.<\/li>\n<li>Ingresa el n\u00famero de cuenta de tu iglesia y el c\u00f3digo postal.<\/li>\n<li>Confirma la informaci\u00f3n de tu iglesia.<\/li>\n<li>Env\u00eda un nuevo informe.<\/li>\n<li>Revisa y actualiza los datos de la iglesia y del pastor.<\/li>\n<li>Elige el a\u00f1o y la frecuencia de reporte (te recomendamos hacerlo trimestralmente).<\/li>\n<li>Completa el formulario, confirma tus selecciones y haz clic en \"Enviar\".<\/li>\n<\/ol>\n<\/li>\n<\/ol><\/div>\n\t\t\t<\/div><div class=\"et_pb_module et_pb_text et_pb_text_2  et_pb_text_align_left et_pb_bg_layout_light\">\n\t\t\t\t\n\t\t\t\t\n\t\t\t\t\n\t\t\t\t\n\t\t\t\t<div class=\"et_pb_text_inner\"><h3 style=\"text-align: center;\"><strong><span style=\"color: #a80808;\">Completar el ACMR es crucial para mantener a tu iglesia en buen estado.<\/span><\/strong><\/h3>\n<p style=\"text-align: center;\">Si una iglesia no env\u00eda los informes durante tres a\u00f1os consecutivos, su estatus podr\u00eda cambiar de soberano a afiliado al distrito.<\/p><\/div>\n\t\t\t<\/div><div class=\"et_pb_with_border et_pb_module difl_advanced_button difl_advanced_button_0\">\n\t\t\t\t\n\t\t\t\t\n\t\t\t\t\n\t\t\t\t\n\t\t\t\t\n\t\t\t\t\n\t\t\t\t<div class=\"et_pb_module_inner\">\n\t\t\t\t\t<a class=\"difl_advanced_button_container media_right\" data-settings='{\"tooltip_enable\":false,\"disable_on_mobile\":true,\"arrow\":true,\"interactive\":true,\"interactiveBorder\":\"2\",\"interactiveDebounce\":\"0\",\"animation\":\"fade\",\"placement\":\"top\",\"trigger\":\"mouseenter focus\",\"followCursor\":false,\"maxWidth\":\"350\",\"offsetEnable\":false,\"offsetSkidding\":0,\"offsetDistance\":10,\"delay\":300}' data-text=\"\" href=\"https:\/\/acmr.ag.org\/\" target=\"_blank\">\n\t\t\t\t\t\t\t<span class=\"difl_adv_btn_wrapper\">\n\t\t\t\t\t\t\t\t<span class=\"difl_adv_btn_media_wrapper\"><span class=\"et-pb-icon difl_adv_btn_media difl_adv_btn_icon\">\uf101<\/span><\/span>\n\t\t\t\t\t\t\t\t<span class=\"difl_adv_btn_text_wrapper\">\n\t\t\t\t\t\t\t\t\t<span class=\"difl_adv_btn_text\">Para acceder al ACMR, con\u00e9ctese aqu\u00ed<\/span>\n\t\t\t\t\t\t\t\t\t\n\t\t\t\t\t\t\t\t\t<span class=\"difl_adv_btn_sub_text\"><\/span> \n\t\t\t\t\t\t\t\t<\/span>\n\t\t\t\t\t\t\t<\/span>\n\t\t\t\t\t\t\t\n\t\t\t\t\t\t\t\n\t\t\t\t\t\t\t\n\t\t\t\t\t\t\t\n\t\t\t\t\t\t\t<noscript class=\"difl_advanced_button_tooltip_content\"><\/noscript>\n\t\t\t\t\t\t<\/a>\n\t\t\t\t<\/div>\n\t\t\t<\/div>\n\t\t\t<\/div>\n\t\t\t\t\n\t\t\t\t\n\t\t\t\t\n\t\t\t\t\n\t\t\t<\/div><\/div>\n                        <\/div>\n                        \n                        <div class=\"df-cs-content-section secondary\">\n                            <div class=\"secondary-content\"><div class=\"et_pb_row et_pb_row_1\">\n\t\t\t\t<div class=\"et_pb_column et_pb_column_4_4 et_pb_column_1  et_pb_css_mix_blend_mode_passthrough et-last-child\">\n\t\t\t\t\n\t\t\t\t\n\t\t\t\t\n\t\t\t\t\n\t\t\t\t<div class=\"et_pb_module et_pb_text et_pb_text_3  et_pb_text_align_left et_pb_bg_layout_light\">\n\t\t\t\t\n\t\t\t\t\n\t\t\t\t\n\t\t\t\t\n\t\t\t\t<div class=\"et_pb_text_inner\"><h1 style=\"text-align: center;\">Everything you need to know to get started<\/h1><\/div>\n\t\t\t<\/div><div class=\"et_pb_module et_pb_divider et_pb_divider_1 et_pb_divider_position_ et_pb_space\"><div class=\"et_pb_divider_internal\"><\/div><\/div><div class=\"et_pb_module et_pb_text et_pb_text_4  et_pb_text_align_left et_pb_bg_layout_light\">\n\t\t\t\t\n\t\t\t\t\n\t\t\t\t\n\t\t\t\t\n\t\t\t\t<div class=\"et_pb_text_inner\"><p>First, let\u2019s address a common question:\u00a0<strong><em>Is there a fee to complete the\u00a0ACMR?<\/em><\/strong>\u00a0The answer is no\u2014it\u2019s completely free.<\/p>\n<p>You can begin submitting your\u00a0ACMR\u00a0starting\u00a0<strong>January 1st, 2025<\/strong>, and the final day to submit is\u00a0<strong>January 31st, 2025<\/strong>. Don\u2019t wait\u2014this process only takes 5 to 10 minutes.<\/p>\n<p>This year, General Council has updated the login system. Instead of using AGPassport, you\u2019ll need to use your personal AG Accounts login at\u00a0<strong><a href=\"https:\/\/acmr.ag.org\/\" target=\"_blank\" rel=\"noopener\">acmr.ag.org<\/a><\/strong>. If you don\u2019t have an account, creating one is quick and easy.<\/p>\n<p><strong>Here\u2019s how to complete your\u00a0ACMR:<\/strong><\/p>\n<ol>\n<li style=\"list-style-type: none;\">\n<ol>\n<li>Visit\u00a0<strong><a href=\"https:\/\/acmr.ag.org\/\" target=\"_blank\" rel=\"noopener\">acmr.ag.org<\/a><\/strong>.<\/li>\n<li>Log in with your AG Account.<\/li>\n<li>Enter your church account number and zip code.<\/li>\n<li>Confirm your church\u2019s information.<\/li>\n<li>Submit a new report.<\/li>\n<li>Review and update church and pastor details.<\/li>\n<li>Choose your reporting year and frequency\u2014we recommend quarterly.<\/li>\n<li>Complete the form, confirm your selections, and click 'Submit.'<\/li>\n<\/ol>\n<\/li>\n<\/ol>\n<p>It\u2019s that simple! Remember, completing the\u00a0ACMR\u00a0is crucial for keeping your church in good standing. If a church doesn\u2019t submit reports for three consecutive years, its status could change from sovereign to district-affiliated.<\/p><\/div>\n\t\t\t<\/div><div class=\"et_pb_module et_pb_text et_pb_text_5  et_pb_text_align_left et_pb_bg_layout_light\">\n\t\t\t\t\n\t\t\t\t\n\t\t\t\t\n\t\t\t\t\n\t\t\t\t<div class=\"et_pb_text_inner\"><h3>\u00a0<\/h3>\n<h3 style=\"text-align: center;\"><strong><span style=\"color: #a80808;\">Completing the ACMR is crucial for keeping your church in good standing.<\/span><\/strong><\/h3>\n<p style=\"text-align: center;\"><span style=\"color: #000000;\">If a church doesn\u2019t submit reports for three consecutive years, its status could change from sovereign to district-affiliated.<\/span><\/p><\/div>\n\t\t\t<\/div><div class=\"et_pb_with_border et_pb_module difl_advanced_button difl_advanced_button_1\">\n\t\t\t\t\n\t\t\t\t\n\t\t\t\t\n\t\t\t\t\n\t\t\t\t\n\t\t\t\t\n\t\t\t\t<div class=\"et_pb_module_inner\">\n\t\t\t\t\t<a class=\"difl_advanced_button_container media_right\" data-settings='{\"tooltip_enable\":false,\"disable_on_mobile\":true,\"arrow\":true,\"interactive\":true,\"interactiveBorder\":\"2\",\"interactiveDebounce\":\"0\",\"animation\":\"fade\",\"placement\":\"top\",\"trigger\":\"mouseenter focus\",\"followCursor\":false,\"maxWidth\":\"350\",\"offsetEnable\":false,\"offsetSkidding\":0,\"offsetDistance\":10,\"delay\":300}' data-text=\"\" href=\"https:\/\/acmr.ag.org\/\" target=\"_blank\">\n\t\t\t\t\t\t\t<span class=\"difl_adv_btn_wrapper\">\n\t\t\t\t\t\t\t\t<span class=\"difl_adv_btn_media_wrapper\"><span class=\"et-pb-icon difl_adv_btn_media difl_adv_btn_icon\">&#xf101;<\/span><\/span>\n\t\t\t\t\t\t\t\t<span class=\"difl_adv_btn_text_wrapper\">\n\t\t\t\t\t\t\t\t\t<span class=\"difl_adv_btn_text\">To Access the ACMR, please log in here<\/span>\n\t\t\t\t\t\t\t\t\t\n\t\t\t\t\t\t\t\t\t<span class=\"difl_adv_btn_sub_text\"><\/span> \n\t\t\t\t\t\t\t\t<\/span>\n\t\t\t\t\t\t\t<\/span>\n\t\t\t\t\t\t\t\n\t\t\t\t\t\t\t\n\t\t\t\t\t\t\t\n\t\t\t\t\t\t\t\n\t\t\t\t\t\t\t<noscript class=\"difl_advanced_button_tooltip_content\"><\/noscript>\n\t\t\t\t\t\t<\/a>\n\t\t\t\t<\/div>\n\t\t\t<\/div>\n\t\t\t<\/div>\n\t\t\t\t\n\t\t\t\t\n\t\t\t\t\n\t\t\t\t\n\t\t\t<\/div><\/div>\n                        <\/div>\n                                <\/div>\n                            <\/div>\n                        <\/div>\n\t\t\t\t<\/div>\n\t\t\t<\/div>Office Address830 California Woods CircleOrlando, Florida 32824Office HoursTuesday &#8211; Friday: 8:00am-4:30pmContact InfoPhone: (407) 850-9861Email: pr@fmdag.orgMobile App Download | FMD Staff Links | Photo &amp; Video Disclaimer |<\/p>","protected":false},"author":1,"featured_media":0,"parent":0,"menu_order":0,"comment_status":"closed","ping_status":"closed","template":"","meta":{"_et_pb_use_builder":"on","_et_pb_old_content":"","_et_gb_content_width":"","footnotes":""},"difl_page_category":[],"class_list":["post-260775","page","type-page","status-publish","hentry"],"_links":{"self":[{"href":"https:\/\/fmdag.org\/es\/wp-json\/wp\/v2\/pages\/260775","targetHints":{"allow":["GET"]}}],"collection":[{"href":"https:\/\/fmdag.org\/es\/wp-json\/wp\/v2\/pages"}],"about":[{"href":"https:\/\/fmdag.org\/es\/wp-json\/wp\/v2\/types\/page"}],"author":[{"embeddable":true,"href":"https:\/\/fmdag.org\/es\/wp-json\/wp\/v2\/users\/1"}],"replies":[{"embeddable":true,"href":"https:\/\/fmdag.org\/es\/wp-json\/wp\/v2\/comments?post=260775"}],"version-history":[{"count":6,"href":"https:\/\/fmdag.org\/es\/wp-json\/wp\/v2\/pages\/260775\/revisions"}],"predecessor-version":[{"id":260793,"href":"https:\/\/fmdag.org\/es\/wp-json\/wp\/v2\/pages\/260775\/revisions\/260793"}],"wp:attachment":[{"href":"https:\/\/fmdag.org\/es\/wp-json\/wp\/v2\/media?parent=260775"}],"wp:term":[{"taxonomy":"difl_page_category","embeddable":true,"href":"https:\/\/fmdag.org\/es\/wp-json\/wp\/v2\/difl_page_category?post=260775"}],"curies":[{"name":"wp","href":"https:\/\/api.w.org\/{rel}","templated":true}]}}